{"id":1954,"date":"2023-08-10T15:50:23","date_gmt":"2023-08-10T15:50:23","guid":{"rendered":"https:\/\/toursandwine.com\/bg25\/?page_id=1954"},"modified":"2025-11-24T21:07:01","modified_gmt":"2025-11-24T21:07:01","slug":"hotels","status":"publish","type":"page","link":"http:\/\/toursandwine.com\/ficklin26\/hotels\/","title":{"rendered":"Accommodation"},"content":{"rendered":"\t<section class=\"section\" id=\"section_2079349724\">\n\t\t<div class=\"bg section-bg fill bg-fill  bg-loaded\" >\n\n\t\t\t\n\t\t\t\n\t\t\t\n\n\t\t<\/div>\n\n\t\t<div class=\"section-content relative\">\n\t\t\t\n<div class=\"row\"  id=\"row-1346912684\">\n\n\t<div id=\"col-560169075\" class=\"col large-12\"  >\n\t\t\t\t<div class=\"col-inner\"  >\n\t\t\t\n\t\t\t\n<h3>MADRID \u2013 HOTEL VINCCI SOHO<\/h3>\n<p>Madrid&#8217;s Hotel Vincci Soho is made up of five historic buildings. This 169-room air-conditioned property is ideally located a stone&#8217;s throw from the &#8220;Art Triangle&#8221; &#8211; the museums of The Prado, Reina Sofia and the Thyssen-Bornemisza National Museum of Modern Art. Transportation nearby allows easy access to the most important streets and monuments in Spain&#8217;s capital.<\/p>\n<p>This hotel sits in the famous Barrio de las Letras neighborhood, only a few steps from the Plaza Santa Ana and Las Cortes Square, the Ateneo, and the famed Puerta del Sol. The Plaza de Santa Ana has great restaurants and cafes, ideal for sipping Sangria and dining outdoors.<\/p>\n<p>All rooms are modern in style, featuring direct telephones, satellite TV, mini-bar, room service, a safe, hair dryer and free Wi-Fi. The Hotel Vincci Soho has \u00e0 la carte restaurant, buffet-style breakfast, bar-caf\u00e9, spacious common areas, indoor patio, parking, and convention and meeting services.<\/p>\n<p><span style=\"color: #282828;\"><strong>Address<\/strong><strong>:\u00a0<\/strong>C. del Prado, 18, Centro, 28014 Madrid, Spain<br \/><\/span><span style=\"color: #282828;\"><strong>Phone<\/strong><strong>:\u00a0<\/strong>+34 911 41 41 00<\/span><\/p>\n<div class=\"row\"  id=\"row-251385350\">\n\n\t<div id=\"col-18114667\" class=\"col medium-4 small-12 large-4\"  >\n\t\t\t\t<div class=\"col-inner\"  >\n\t\t\t\n\t\t\t\n\t<div class=\"img has-hover x md-x lg-x y md-y lg-y\" id=\"image_932612128\">\n\t\t\t\t\t\t\t\t<div class=\"img-inner dark\" >\n\t\t\t<img loading=\"lazy\" decoding=\"async\" width=\"350\" height=\"263\" src=\"https:\/\/toursandwine.com\/ficklin26\/wp-content\/uploads\/sites\/214\/2023\/08\/MADRID-Hotel-Vincci-Soho-Exterior.jpg\" class=\"attachment-large size-large\" alt=\"\" \/>\t\t\t\t\t\t\n\t\t\t\t\t<\/div>\n\t\t\t\t\t\t\t\t\n<style>\n#image_932612128 {\n  width: 100%;\n}\n<\/style>\n\t<\/div>\n\t\n\t\t<\/div>\n\t\t\t\t\t<\/div>\n\n\t\n\n\t<div id=\"col-1750291362\" class=\"col medium-4 small-12 large-4\"  >\n\t\t\t\t<div class=\"col-inner\"  >\n\t\t\t\n\t\t\t\n\t<div class=\"img has-hover x md-x lg-x y md-y lg-y\" id=\"image_1185966997\">\n\t\t\t\t\t\t\t\t<div class=\"img-inner image-cover dark\" style=\"padding-top:75%;\">\n\t\t\t<img loading=\"lazy\" decoding=\"async\" width=\"480\" height=\"360\" src=\"https:\/\/toursandwine.com\/ficklin26\/wp-content\/uploads\/sites\/214\/2023\/08\/MADRID-Hotel-Vincci-Soho-Reception.jpg\" class=\"attachment-large size-large\" alt=\"\" srcset=\"https:\/\/toursandwine.com\/ficklin26\/wp-content\/uploads\/sites\/214\/2023\/08\/MADRID-Hotel-Vincci-Soho-Reception.jpg 480w, https:\/\/toursandwine.com\/ficklin26\/wp-content\/uploads\/sites\/214\/2023\/08\/MADRID-Hotel-Vincci-Soho-Reception-400x300.jpg 400w\" sizes=\"auto, (max-width: 480px) 100vw, 480px\" \/>\t\t\t\t\t\t\n\t\t\t\t\t<\/div>\n\t\t\t\t\t\t\t\t\n<style>\n#image_1185966997 {\n  width: 100%;\n}\n<\/style>\n\t<\/div>\n\t\n\t\t<\/div>\n\t\t\t\t\t<\/div>\n\n\t\n\n\t<div id=\"col-1543174444\" class=\"col medium-4 small-12 large-4\"  >\n\t\t\t\t<div class=\"col-inner\"  >\n\t\t\t\n\t\t\t\n\t<div class=\"img has-hover x md-x lg-x y md-y lg-y\" id=\"image_56501873\">\n\t\t\t\t\t\t\t\t<div class=\"img-inner image-cover dark\" style=\"padding-top:75%;\">\n\t\t\t<img loading=\"lazy\" decoding=\"async\" width=\"480\" height=\"360\" src=\"https:\/\/toursandwine.com\/ficklin26\/wp-content\/uploads\/sites\/214\/2023\/08\/MADRID-Hotel-Vincci-Soho-patio.jpg\" class=\"attachment-large size-large\" alt=\"\" srcset=\"https:\/\/toursandwine.com\/ficklin26\/wp-content\/uploads\/sites\/214\/2023\/08\/MADRID-Hotel-Vincci-Soho-patio.jpg 480w, https:\/\/toursandwine.com\/ficklin26\/wp-content\/uploads\/sites\/214\/2023\/08\/MADRID-Hotel-Vincci-Soho-patio-400x300.jpg 400w\" sizes=\"auto, (max-width: 480px) 100vw, 480px\" \/>\t\t\t\t\t\t\n\t\t\t\t\t<\/div>\n\t\t\t\t\t\t\t\t\n<style>\n#image_56501873 {\n  width: 100%;\n}\n<\/style>\n\t<\/div>\n\t\n\t\t<\/div>\n\t\t\t\t\t<\/div>\n\n\t\n\n\t<div id=\"col-1461275791\" class=\"col medium-4 small-12 large-4\"  >\n\t\t\t\t<div class=\"col-inner\"  >\n\t\t\t\n\t\t\t\n\t<div class=\"img has-hover x md-x lg-x y md-y lg-y\" id=\"image_1758810187\">\n\t\t\t\t\t\t\t\t<div class=\"img-inner image-cover dark\" style=\"padding-top:75%;\">\n\t\t\t<img loading=\"lazy\" decoding=\"async\" width=\"1020\" height=\"765\" src=\"https:\/\/toursandwine.com\/ficklin26\/wp-content\/uploads\/sites\/214\/2023\/08\/MADRID-Hotel-Vincci-Soho-Guest-Room.jpg\" class=\"attachment-large size-large\" alt=\"\" srcset=\"https:\/\/toursandwine.com\/ficklin26\/wp-content\/uploads\/sites\/214\/2023\/08\/MADRID-Hotel-Vincci-Soho-Guest-Room.jpg 1600w, https:\/\/toursandwine.com\/ficklin26\/wp-content\/uploads\/sites\/214\/2023\/08\/MADRID-Hotel-Vincci-Soho-Guest-Room-400x300.jpg 400w, https:\/\/toursandwine.com\/ficklin26\/wp-content\/uploads\/sites\/214\/2023\/08\/MADRID-Hotel-Vincci-Soho-Guest-Room-768x576.jpg 768w, https:\/\/toursandwine.com\/ficklin26\/wp-content\/uploads\/sites\/214\/2023\/08\/MADRID-Hotel-Vincci-Soho-Guest-Room-1536x1152.jpg 1536w\" sizes=\"auto, (max-width: 1020px) 100vw, 1020px\" \/>\t\t\t\t\t\t\n\t\t\t\t\t<\/div>\n\t\t\t\t\t\t\t\t\n<style>\n#image_1758810187 {\n  width: 100%;\n}\n<\/style>\n\t<\/div>\n\t\n\t\t<\/div>\n\t\t\t\t\t<\/div>\n\n\t\n\n\t<div id=\"col-1354739133\" class=\"col medium-4 small-12 large-4\"  >\n\t\t\t\t<div class=\"col-inner\"  >\n\t\t\t\n\t\t\t\n\t<div class=\"img has-hover x md-x lg-x y md-y lg-y\" id=\"image_978422084\">\n\t\t\t\t\t\t\t\t<div class=\"img-inner image-cover dark\" style=\"padding-top:75%;\">\n\t\t\t<img loading=\"lazy\" decoding=\"async\" width=\"840\" height=\"460\" src=\"https:\/\/toursandwine.com\/ficklin26\/wp-content\/uploads\/sites\/214\/2023\/08\/MADRID-Hotel-Vincci-Soho-bathroom.jpg\" class=\"attachment-original size-original\" alt=\"\" srcset=\"https:\/\/toursandwine.com\/ficklin26\/wp-content\/uploads\/sites\/214\/2023\/08\/MADRID-Hotel-Vincci-Soho-bathroom.jpg 840w, https:\/\/toursandwine.com\/ficklin26\/wp-content\/uploads\/sites\/214\/2023\/08\/MADRID-Hotel-Vincci-Soho-bathroom-400x219.jpg 400w, https:\/\/toursandwine.com\/ficklin26\/wp-content\/uploads\/sites\/214\/2023\/08\/MADRID-Hotel-Vincci-Soho-bathroom-768x421.jpg 768w\" sizes=\"auto, (max-width: 840px) 100vw, 840px\" \/>\t\t\t\t\t\t\n\t\t\t\t\t<\/div>\n\t\t\t\t\t\t\t\t\n<style>\n#image_978422084 {\n  width: 100%;\n}\n<\/style>\n\t<\/div>\n\t\n\t\t<\/div>\n\t\t\t\t\t<\/div>\n\n\t\n\n\t<div id=\"col-1559205469\" class=\"col medium-4 small-12 large-4\"  >\n\t\t\t\t<div class=\"col-inner\"  >\n\t\t\t\n\t\t\t\n\t<div class=\"img has-hover x md-x lg-x y md-y lg-y\" id=\"image_1383353509\">\n\t\t\t\t\t\t\t\t<div class=\"img-inner image-cover dark\" style=\"padding-top:75%;\">\n\t\t\t<img loading=\"lazy\" decoding=\"async\" width=\"1020\" height=\"708\" src=\"https:\/\/toursandwine.com\/ficklin26\/wp-content\/uploads\/sites\/214\/2023\/08\/MADRID-Matador3.jpg\" class=\"attachment-large size-large\" alt=\"\" srcset=\"https:\/\/toursandwine.com\/ficklin26\/wp-content\/uploads\/sites\/214\/2023\/08\/MADRID-Matador3.jpg 1563w, https:\/\/toursandwine.com\/ficklin26\/wp-content\/uploads\/sites\/214\/2023\/08\/MADRID-Matador3-400x278.jpg 400w, https:\/\/toursandwine.com\/ficklin26\/wp-content\/uploads\/sites\/214\/2023\/08\/MADRID-Matador3-768x533.jpg 768w, https:\/\/toursandwine.com\/ficklin26\/wp-content\/uploads\/sites\/214\/2023\/08\/MADRID-Matador3-1536x1066.jpg 1536w\" sizes=\"auto, (max-width: 1020px) 100vw, 1020px\" \/>\t\t\t\t\t\t\n\t\t\t\t\t<\/div>\n\t\t\t\t\t\t\t\t\n<style>\n#image_1383353509 {\n  width: 100%;\n}\n<\/style>\n\t<\/div>\n\t\n\t\t<\/div>\n\t\t\t\t\t<\/div>\n\n\t\n<\/div>\n\t\t<\/div>\n\t\t\t\t\t<\/div>\n\n\t\n<\/div>\n<div class=\"row\"  id=\"row-299859360\">\n\n\t<div id=\"col-1985404094\" class=\"col large-12\"  >\n\t\t\t\t<div class=\"col-inner\"  >\n\t\t\t\n\t\t\t\n<h3>VALLADOLID \u2013 AC HOTEL PALACIO DE SANTA ANA<\/h3>\n<p>A former convent that dates back to the 18th century, this hotel is surrounded by lush green lawns and borders the banks of the Pisuerga River. It has five stars, a fitness center, a heated indoor pool and a Turkish bath, as well as a glass-covered cloister which serves as an impressive public space. Guests can dine in-house at Los Jer\u00f3nimos, where Spanish and Castilian dishes by Chef Jorge G\u00f3mez Arizm\u00e9ndi are the specialty.\u00a0<\/p>\n<div class=\"wDYxhc\" data-attrid=\"kc:\/location\/location:address\" data-md=\"1002\" data-hveid=\"CCQQAA\" data-ved=\"2ahUKEwjI3aKqipqPAxUgEEQIHUxKC5UQkCl6BAgkEAA\">\n<div class=\"Z1hOCe\">\n<div class=\"zloOqf lew4sc PZPZlf\" data-dtype=\"d3ifr\" data-local-attribute=\"d3adr\" data-mid=\"\/g\/1tdmlstb\" data-ved=\"2ahUKEwjI3aKqipqPAxUgEEQIHUxKC5UQghwoAHoECCQQAQ\"><span class=\"w8qArf FoJoyf\"><strong><span style=\"color: #282828;\">Address<\/span><\/strong><span style=\"color: #282828;\"><strong>:<\/strong>\u00a0<\/span><\/span><span class=\"LrzXr\" style=\"color: #282828;\">Cam. de la Flecha, S\/N, 47197 Valladolid, Spain<\/span><\/div>\n<\/div>\n<\/div>\n<div class=\"wDYxhc\" data-attrid=\"kc:\/local:alt phone\" data-md=\"1006\" data-hveid=\"CCYQAA\" data-ved=\"2ahUKEwjI3aKqipqPAxUgEEQIHUxKC5UQkCl6BAgmEAA\">\n<div class=\"Z1hOCe\">\n<div class=\"zloOqf PZPZlf\" data-dtype=\"d3ifr\" data-local-attribute=\"d3ph\" data-ved=\"2ahUKEwjI3aKqipqPAxUgEEQIHUxKC5UQ8I0BKAB6BAgmEAE\"><span style=\"color: #282828;\"><span class=\"w8qArf FoJoyf\"><strong>Phone:<\/strong>\u00a0<\/span><span class=\"LrzXr zdqRlf kno-fv\"><span aria-label=\"Call Phone Number +34 983 40 99 20\">+34 983 40 99 20<\/span><\/span><\/span><\/div>\n<\/div>\n<\/div>\n<p>\u00a0<\/p>\n<div class=\"row\"  id=\"row-431118586\">\n\n\t<div id=\"col-999420740\" class=\"col medium-4 small-12 large-4\"  >\n\t\t\t\t<div class=\"col-inner\"  >\n\t\t\t\n\t\t\t\n\t<div class=\"img has-hover x md-x lg-x y md-y lg-y\" id=\"image_520937878\">\n\t\t\t\t\t\t\t\t<div class=\"img-inner image-cover dark\" style=\"padding-top:75%;\">\n\t\t\t<img loading=\"lazy\" decoding=\"async\" width=\"626\" height=\"417\" src=\"https:\/\/toursandwine.com\/ficklin26\/wp-content\/uploads\/sites\/214\/2025\/08\/VALLADOLID-Hotel-AC-Santa-Ana-exterior-Hotel-website-OK-for-Internet-use.jpeg\" class=\"attachment-large size-large\" alt=\"\" srcset=\"https:\/\/toursandwine.com\/ficklin26\/wp-content\/uploads\/sites\/214\/2025\/08\/VALLADOLID-Hotel-AC-Santa-Ana-exterior-Hotel-website-OK-for-Internet-use.jpeg 626w, https:\/\/toursandwine.com\/ficklin26\/wp-content\/uploads\/sites\/214\/2025\/08\/VALLADOLID-Hotel-AC-Santa-Ana-exterior-Hotel-website-OK-for-Internet-use-400x266.jpeg 400w\" sizes=\"auto, (max-width: 626px) 100vw, 626px\" \/>\t\t\t\t\t\t\n\t\t\t\t\t<\/div>\n\t\t\t\t\t\t\t\t\n<style>\n#image_520937878 {\n  width: 100%;\n}\n<\/style>\n\t<\/div>\n\t\n\t\t<\/div>\n\t\t\t\t\t<\/div>\n\n\t\n\n\t<div id=\"col-1565202805\" class=\"col medium-4 small-12 large-4\"  >\n\t\t\t\t<div class=\"col-inner\"  >\n\t\t\t\n\t\t\t\n\t<div class=\"img has-hover x md-x lg-x y md-y lg-y\" id=\"image_897330006\">\n\t\t\t\t\t\t\t\t<div class=\"img-inner image-cover dark\" style=\"padding-top:75%;\">\n\t\t\t<img loading=\"lazy\" decoding=\"async\" width=\"626\" height=\"417\" src=\"https:\/\/toursandwine.com\/ficklin26\/wp-content\/uploads\/sites\/214\/2025\/08\/VALLADOLID-Hotel-AC-Santa-Ana-cloister-Hotel-website-OK-for-Internet-use.jpg\" class=\"attachment-large size-large\" alt=\"\" srcset=\"https:\/\/toursandwine.com\/ficklin26\/wp-content\/uploads\/sites\/214\/2025\/08\/VALLADOLID-Hotel-AC-Santa-Ana-cloister-Hotel-website-OK-for-Internet-use.jpg 626w, https:\/\/toursandwine.com\/ficklin26\/wp-content\/uploads\/sites\/214\/2025\/08\/VALLADOLID-Hotel-AC-Santa-Ana-cloister-Hotel-website-OK-for-Internet-use-400x266.jpg 400w\" sizes=\"auto, (max-width: 626px) 100vw, 626px\" \/>\t\t\t\t\t\t\n\t\t\t\t\t<\/div>\n\t\t\t\t\t\t\t\t\n<style>\n#image_897330006 {\n  width: 100%;\n}\n<\/style>\n\t<\/div>\n\t\n\t\t<\/div>\n\t\t\t\t\t<\/div>\n\n\t\n\n\t<div id=\"col-1802962559\" class=\"col medium-4 small-12 large-4\"  >\n\t\t\t\t<div class=\"col-inner\"  >\n\t\t\t\n\t\t\t\n\t<div class=\"img has-hover x md-x lg-x y md-y lg-y\" id=\"image_1859134686\">\n\t\t\t\t\t\t\t\t<div class=\"img-inner image-cover dark\" style=\"padding-top:75%;\">\n\t\t\t<img loading=\"lazy\" decoding=\"async\" width=\"626\" height=\"417\" src=\"https:\/\/toursandwine.com\/ficklin26\/wp-content\/uploads\/sites\/214\/2025\/08\/VALLADOLID-Hotel-AC-Santa-Ana-garden-Hotel-website-OK-for-Internet-use.jpeg\" class=\"attachment-large size-large\" alt=\"\" srcset=\"https:\/\/toursandwine.com\/ficklin26\/wp-content\/uploads\/sites\/214\/2025\/08\/VALLADOLID-Hotel-AC-Santa-Ana-garden-Hotel-website-OK-for-Internet-use.jpeg 626w, https:\/\/toursandwine.com\/ficklin26\/wp-content\/uploads\/sites\/214\/2025\/08\/VALLADOLID-Hotel-AC-Santa-Ana-garden-Hotel-website-OK-for-Internet-use-400x266.jpeg 400w\" sizes=\"auto, (max-width: 626px) 100vw, 626px\" \/>\t\t\t\t\t\t\n\t\t\t\t\t<\/div>\n\t\t\t\t\t\t\t\t\n<style>\n#image_1859134686 {\n  width: 100%;\n}\n<\/style>\n\t<\/div>\n\t\n\t\t<\/div>\n\t\t\t\t\t<\/div>\n\n\t\n\n\t<div id=\"col-845268667\" class=\"col medium-4 small-12 large-4\"  >\n\t\t\t\t<div class=\"col-inner\"  >\n\t\t\t\n\t\t\t\n\t<div class=\"img has-hover x md-x lg-x y md-y lg-y\" id=\"image_1180657080\">\n\t\t\t\t\t\t\t\t<div class=\"img-inner image-cover dark\" style=\"padding-top:75%;\">\n\t\t\t<img loading=\"lazy\" decoding=\"async\" width=\"626\" height=\"417\" src=\"https:\/\/toursandwine.com\/ficklin26\/wp-content\/uploads\/sites\/214\/2025\/08\/VALLADOLID-Hotel-AC-Santa-Ana-Gym-Hotel-website-OK-for-Internet-use.jpeg\" class=\"attachment-large size-large\" alt=\"\" srcset=\"https:\/\/toursandwine.com\/ficklin26\/wp-content\/uploads\/sites\/214\/2025\/08\/VALLADOLID-Hotel-AC-Santa-Ana-Gym-Hotel-website-OK-for-Internet-use.jpeg 626w, https:\/\/toursandwine.com\/ficklin26\/wp-content\/uploads\/sites\/214\/2025\/08\/VALLADOLID-Hotel-AC-Santa-Ana-Gym-Hotel-website-OK-for-Internet-use-400x266.jpeg 400w\" sizes=\"auto, (max-width: 626px) 100vw, 626px\" \/>\t\t\t\t\t\t\n\t\t\t\t\t<\/div>\n\t\t\t\t\t\t\t\t\n<style>\n#image_1180657080 {\n  width: 100%;\n}\n<\/style>\n\t<\/div>\n\t\n\t\t<\/div>\n\t\t\t\t\t<\/div>\n\n\t\n\n\t<div id=\"col-732714994\" class=\"col medium-4 small-12 large-4\"  >\n\t\t\t\t<div class=\"col-inner\"  >\n\t\t\t\n\t\t\t\n\t<div class=\"img has-hover x md-x lg-x y md-y lg-y\" id=\"image_710311535\">\n\t\t\t\t\t\t\t\t<div class=\"img-inner image-cover dark\" style=\"padding-top:75%;\">\n\t\t\t<img loading=\"lazy\" decoding=\"async\" width=\"626\" height=\"417\" src=\"https:\/\/toursandwine.com\/ficklin26\/wp-content\/uploads\/sites\/214\/2025\/08\/VALLADOLID-Hotel-AC-Santa-Ana-guest-room-with-balcony-Hotel-website-OK-for-Internet-use.jpeg\" class=\"attachment-large size-large\" alt=\"\" srcset=\"https:\/\/toursandwine.com\/ficklin26\/wp-content\/uploads\/sites\/214\/2025\/08\/VALLADOLID-Hotel-AC-Santa-Ana-guest-room-with-balcony-Hotel-website-OK-for-Internet-use.jpeg 626w, https:\/\/toursandwine.com\/ficklin26\/wp-content\/uploads\/sites\/214\/2025\/08\/VALLADOLID-Hotel-AC-Santa-Ana-guest-room-with-balcony-Hotel-website-OK-for-Internet-use-400x266.jpeg 400w\" sizes=\"auto, (max-width: 626px) 100vw, 626px\" \/>\t\t\t\t\t\t\n\t\t\t\t\t<\/div>\n\t\t\t\t\t\t\t\t\n<style>\n#image_710311535 {\n  width: 100%;\n}\n<\/style>\n\t<\/div>\n\t\n\t\t<\/div>\n\t\t\t\t\t<\/div>\n\n\t\n\n\t<div id=\"col-1959871855\" class=\"col medium-4 small-12 large-4\"  >\n\t\t\t\t<div class=\"col-inner\"  >\n\t\t\t\n\t\t\t\n\t<div class=\"img has-hover x md-x lg-x y md-y lg-y\" id=\"image_1037603339\">\n\t\t\t\t\t\t\t\t<div class=\"img-inner image-cover dark\" style=\"padding-top:75%;\">\n\t\t\t<img loading=\"lazy\" decoding=\"async\" width=\"626\" height=\"417\" src=\"https:\/\/toursandwine.com\/ficklin26\/wp-content\/uploads\/sites\/214\/2025\/08\/VALLADOLID-Hotel-AC-Santa-Ana-guest-bathroom-Hotel-website-OK-for-Internet-use.jpeg\" class=\"attachment-large size-large\" alt=\"\" srcset=\"https:\/\/toursandwine.com\/ficklin26\/wp-content\/uploads\/sites\/214\/2025\/08\/VALLADOLID-Hotel-AC-Santa-Ana-guest-bathroom-Hotel-website-OK-for-Internet-use.jpeg 626w, https:\/\/toursandwine.com\/ficklin26\/wp-content\/uploads\/sites\/214\/2025\/08\/VALLADOLID-Hotel-AC-Santa-Ana-guest-bathroom-Hotel-website-OK-for-Internet-use-400x266.jpeg 400w\" sizes=\"auto, (max-width: 626px) 100vw, 626px\" \/>\t\t\t\t\t\t\n\t\t\t\t\t<\/div>\n\t\t\t\t\t\t\t\t\n<style>\n#image_1037603339 {\n  width: 100%;\n}\n<\/style>\n\t<\/div>\n\t\n\t\t<\/div>\n\t\t\t\t\t<\/div>\n\n\t\n<\/div>\n\t\t<\/div>\n\t\t\t\t\t<\/div>\n\n\t\n<\/div>\n<div class=\"row\"  id=\"row-1434149165\">\n\n\t<div id=\"col-354726705\" class=\"col large-12\"  >\n\t\t\t\t<div class=\"col-inner\"  >\n\t\t\t\n\t\t\t\n<h3>SALAMANCA \u2013 HOTEL EUROSTARS LAS CLARAS<\/h3>\n<p><span style=\"color: #282828;\">Eurostars Las Claras is in central Salamanca, just 7 minutes\u2019 walk from the Cathedral and Plaza Mayor Square. It offers bright rooms with free Wi-Fi and a flat-screen TV.San Esteban Church is just 558 feet from Eurostars Las Claras, and you can walk to most of this UNESCO World Heritage City\u2019s main sights within 10 minutes.<\/span><\/p>\n<div class=\"wDYxhc\" data-attrid=\"kc:\/location\/location:address\" data-md=\"1002\" data-hveid=\"CCYQAA\" data-ved=\"2ahUKEwjPt6rXi5qPAxUQHkQIHR3IGPEQkCl6BAgmEAA\">\n<div class=\"Z1hOCe\">\n<div class=\"zloOqf lew4sc PZPZlf\" data-dtype=\"d3ifr\" data-local-attribute=\"d3adr\" data-mid=\"\/g\/1hhxrl1ws\" data-ved=\"2ahUKEwjPt6rXi5qPAxUQHkQIHR3IGPEQghwoAHoECCYQAQ\"><span style=\"color: #282828;\"><span class=\"w8qArf FoJoyf\"><strong>Address:<\/strong>\u00a0<\/span><span class=\"LrzXr\">C. de la Marquesa de Almarza, s\/n, 37001 Salamanca, Spain<\/span><\/span><\/div>\n<\/div>\n<\/div>\n<div class=\"wDYxhc\" data-attrid=\"kc:\/local:alt phone\" data-md=\"1006\" data-hveid=\"CCgQAA\" data-ved=\"2ahUKEwjPt6rXi5qPAxUQHkQIHR3IGPEQkCl6BAgoEAA\">\n<div class=\"Z1hOCe\">\n<div class=\"zloOqf PZPZlf\" data-dtype=\"d3ifr\" data-local-attribute=\"d3ph\" data-ved=\"2ahUKEwjPt6rXi5qPAxUQHkQIHR3IGPEQ8I0BKAB6BAgoEAE\"><span style=\"color: #282828;\"><span class=\"w8qArf FoJoyf\"><strong>Phone:<\/strong>\u00a0<\/span><span class=\"LrzXr zdqRlf kno-fv\"><span aria-label=\"Call Phone Number +34 923 12 85 00\">+34 923 12 85 00<\/span><\/span><\/span><\/div>\n<\/div>\n<\/div>\n<p>\u00a0<\/p>\n<div class=\"row\"  id=\"row-702133462\">\n\n\t<div id=\"col-2017915071\" class=\"col medium-4 small-12 large-4\"  >\n\t\t\t\t<div class=\"col-inner\"  >\n\t\t\t\n\t\t\t\n\t<div class=\"img has-hover x md-x lg-x y md-y lg-y\" id=\"image_156002479\">\n\t\t\t\t\t\t\t\t<div class=\"img-inner image-cover dark\" style=\"padding-top:75%;\">\n\t\t\t<img loading=\"lazy\" decoding=\"async\" width=\"861\" height=\"575\" src=\"https:\/\/toursandwine.com\/ficklin26\/wp-content\/uploads\/sites\/214\/2025\/08\/Outside.png\" class=\"attachment-large size-large\" alt=\"\" srcset=\"https:\/\/toursandwine.com\/ficklin26\/wp-content\/uploads\/sites\/214\/2025\/08\/Outside.png 861w, https:\/\/toursandwine.com\/ficklin26\/wp-content\/uploads\/sites\/214\/2025\/08\/Outside-400x267.png 400w, https:\/\/toursandwine.com\/ficklin26\/wp-content\/uploads\/sites\/214\/2025\/08\/Outside-768x513.png 768w\" sizes=\"auto, (max-width: 861px) 100vw, 861px\" \/>\t\t\t\t\t\t\n\t\t\t\t\t<\/div>\n\t\t\t\t\t\t\t\t\n<style>\n#image_156002479 {\n  width: 100%;\n}\n<\/style>\n\t<\/div>\n\t\n\t\t<\/div>\n\t\t\t\t\t<\/div>\n\n\t\n\n\t<div id=\"col-1395860793\" class=\"col medium-4 small-12 large-4\"  >\n\t\t\t\t<div class=\"col-inner\"  >\n\t\t\t\n\t\t\t\n\t<div class=\"img has-hover x md-x lg-x y md-y lg-y\" id=\"image_980163809\">\n\t\t\t\t\t\t\t\t<div class=\"img-inner image-cover dark\" style=\"padding-top:75%;\">\n\t\t\t<img loading=\"lazy\" decoding=\"async\" width=\"600\" height=\"400\" src=\"https:\/\/toursandwine.com\/ficklin26\/wp-content\/uploads\/sites\/214\/2025\/08\/SALAMANCA-Hotel-Eurostars-Las-Claras-Lobby-Hotel-website-image-OK-for-Internet-use.jpg\" class=\"attachment-large size-large\" alt=\"\" srcset=\"https:\/\/toursandwine.com\/ficklin26\/wp-content\/uploads\/sites\/214\/2025\/08\/SALAMANCA-Hotel-Eurostars-Las-Claras-Lobby-Hotel-website-image-OK-for-Internet-use.jpg 600w, https:\/\/toursandwine.com\/ficklin26\/wp-content\/uploads\/sites\/214\/2025\/08\/SALAMANCA-Hotel-Eurostars-Las-Claras-Lobby-Hotel-website-image-OK-for-Internet-use-400x267.jpg 400w\" sizes=\"auto, (max-width: 600px) 100vw, 600px\" \/>\t\t\t\t\t\t\n\t\t\t\t\t<\/div>\n\t\t\t\t\t\t\t\t\n<style>\n#image_980163809 {\n  width: 100%;\n}\n<\/style>\n\t<\/div>\n\t\n\t\t<\/div>\n\t\t\t\t\t<\/div>\n\n\t\n\n\t<div id=\"col-583366746\" class=\"col medium-4 small-12 large-4\"  >\n\t\t\t\t<div class=\"col-inner\"  >\n\t\t\t\n\t\t\t\n\t<div class=\"img has-hover x md-x lg-x y md-y lg-y\" id=\"image_288170043\">\n\t\t\t\t\t\t\t\t<div class=\"img-inner image-cover dark\" style=\"padding-top:75%;\">\n\t\t\t<img loading=\"lazy\" decoding=\"async\" width=\"1020\" height=\"681\" src=\"https:\/\/toursandwine.com\/ficklin26\/wp-content\/uploads\/sites\/214\/2025\/08\/Eurostars-room.jpg\" class=\"attachment-large size-large\" alt=\"\" srcset=\"https:\/\/toursandwine.com\/ficklin26\/wp-content\/uploads\/sites\/214\/2025\/08\/Eurostars-room.jpg 1500w, https:\/\/toursandwine.com\/ficklin26\/wp-content\/uploads\/sites\/214\/2025\/08\/Eurostars-room-400x267.jpg 400w, https:\/\/toursandwine.com\/ficklin26\/wp-content\/uploads\/sites\/214\/2025\/08\/Eurostars-room-768x513.jpg 768w\" sizes=\"auto, (max-width: 1020px) 100vw, 1020px\" \/>\t\t\t\t\t\t\n\t\t\t\t\t<\/div>\n\t\t\t\t\t\t\t\t\n<style>\n#image_288170043 {\n  width: 100%;\n}\n<\/style>\n\t<\/div>\n\t\n\t\t<\/div>\n\t\t\t\t\t<\/div>\n\n\t\n\n\t<div id=\"col-634966816\" class=\"col medium-4 small-12 large-4\"  >\n\t\t\t\t<div class=\"col-inner\"  >\n\t\t\t\n\t\t\t\n\t<div class=\"img has-hover x md-x lg-x y md-y lg-y\" id=\"image_1037478388\">\n\t\t\t\t\t\t\t\t<div class=\"img-inner dark\" >\n\t\t\t<img loading=\"lazy\" decoding=\"async\" width=\"922\" height=\"519\" src=\"https:\/\/toursandwine.com\/ficklin26\/wp-content\/uploads\/sites\/214\/2025\/08\/Guest-Services.png\" class=\"attachment-large size-large\" alt=\"\" srcset=\"https:\/\/toursandwine.com\/ficklin26\/wp-content\/uploads\/sites\/214\/2025\/08\/Guest-Services.png 922w, https:\/\/toursandwine.com\/ficklin26\/wp-content\/uploads\/sites\/214\/2025\/08\/Guest-Services-400x225.png 400w, https:\/\/toursandwine.com\/ficklin26\/wp-content\/uploads\/sites\/214\/2025\/08\/Guest-Services-768x432.png 768w\" sizes=\"auto, (max-width: 922px) 100vw, 922px\" \/>\t\t\t\t\t\t\n\t\t\t\t\t<\/div>\n\t\t\t\t\t\t\t\t\n<style>\n#image_1037478388 {\n  width: 100%;\n}\n<\/style>\n\t<\/div>\n\t\n\t\t<\/div>\n\t\t\t\t\t<\/div>\n\n\t\n\n\t<div id=\"col-562426476\" class=\"col medium-4 small-12 large-4\"  >\n\t\t\t\t<div class=\"col-inner\"  >\n\t\t\t\n\t\t\t\n\t<div class=\"img has-hover x md-x lg-x y md-y lg-y\" id=\"image_143184452\">\n\t\t\t\t\t\t\t\t<div class=\"img-inner dark\" >\n\t\t\t<img loading=\"lazy\" decoding=\"async\" width=\"692\" height=\"460\" src=\"https:\/\/toursandwine.com\/ficklin26\/wp-content\/uploads\/sites\/214\/2025\/08\/hotel-Hotel-Eurostars-Las-Claras-breakfast.jpg\" class=\"attachment-large size-large\" alt=\"\" srcset=\"https:\/\/toursandwine.com\/ficklin26\/wp-content\/uploads\/sites\/214\/2025\/08\/hotel-Hotel-Eurostars-Las-Claras-breakfast.jpg 692w, https:\/\/toursandwine.com\/ficklin26\/wp-content\/uploads\/sites\/214\/2025\/08\/hotel-Hotel-Eurostars-Las-Claras-breakfast-400x266.jpg 400w\" sizes=\"auto, (max-width: 692px) 100vw, 692px\" \/>\t\t\t\t\t\t\n\t\t\t\t\t<\/div>\n\t\t\t\t\t\t\t\t\n<style>\n#image_143184452 {\n  width: 100%;\n}\n<\/style>\n\t<\/div>\n\t\n\t\t<\/div>\n\t\t\t\t\t<\/div>\n\n\t\n\n\t<div id=\"col-444640553\" class=\"col medium-4 small-12 large-4\"  >\n\t\t\t\t<div class=\"col-inner\"  >\n\t\t\t\n\t\t\t\n\t<div class=\"img has-hover x md-x lg-x y md-y lg-y\" id=\"image_881868722\">\n\t\t\t\t\t\t\t\t<div class=\"img-inner dark\" >\n\t\t\t<img loading=\"lazy\" decoding=\"async\" width=\"1020\" height=\"680\" src=\"https:\/\/toursandwine.com\/ficklin26\/wp-content\/uploads\/sites\/214\/2025\/08\/salamanca-night.jpg\" class=\"attachment-large size-large\" alt=\"\" srcset=\"https:\/\/toursandwine.com\/ficklin26\/wp-content\/uploads\/sites\/214\/2025\/08\/salamanca-night.jpg 1280w, https:\/\/toursandwine.com\/ficklin26\/wp-content\/uploads\/sites\/214\/2025\/08\/salamanca-night-400x267.jpg 400w, https:\/\/toursandwine.com\/ficklin26\/wp-content\/uploads\/sites\/214\/2025\/08\/salamanca-night-768x512.jpg 768w\" sizes=\"auto, (max-width: 1020px) 100vw, 1020px\" \/>\t\t\t\t\t\t\n\t\t\t\t\t<\/div>\n\t\t\t\t\t\t\t\t\n<style>\n#image_881868722 {\n  width: 100%;\n}\n<\/style>\n\t<\/div>\n\t\n\t\t<\/div>\n\t\t\t\t\t<\/div>\n\n\t\n<\/div>\n\t\t<\/div>\n\t\t\t\t\t<\/div>\n\n\t\n<\/div>\n\t\t<\/div>\n\n\t\t\n<style>\n#section_2079349724 {\n  padding-top: 30px;\n  padding-bottom: 30px;\n}\n<\/style>\n\t<\/section>\n\t\n","protected":false},"excerpt":{"rendered":"","protected":false},"author":8,"featured_media":0,"parent":5,"menu_order":0,"comment_status":"closed","ping_status":"closed","template":"page-cruise-with-header.php","meta":{"footnotes":""},"class_list":["post-1954","page","type-page","status-publish","hentry"],"_links":{"self":[{"href":"https:\/\/toursandwine.com\/ficklin26\/wp-json\/wp\/v2\/pages\/1954","targetHints":{"allow":["GET"]}}],"collection":[{"href":"https:\/\/toursandwine.com\/ficklin26\/wp-json\/wp\/v2\/pages"}],"about":[{"href":"https:\/\/toursandwine.com\/ficklin26\/wp-json\/wp\/v2\/types\/page"}],"author":[{"embeddable":true,"href":"https:\/\/toursandwine.com\/ficklin26\/wp-json\/wp\/v2\/users\/8"}],"replies":[{"embeddable":true,"href":"https:\/\/toursandwine.com\/ficklin26\/wp-json\/wp\/v2\/comments?post=1954"}],"version-history":[{"count":24,"href":"https:\/\/toursandwine.com\/ficklin26\/wp-json\/wp\/v2\/pages\/1954\/revisions"}],"predecessor-version":[{"id":2268,"href":"https:\/\/toursandwine.com\/ficklin26\/wp-json\/wp\/v2\/pages\/1954\/revisions\/2268"}],"up":[{"embeddable":true,"href":"https:\/\/toursandwine.com\/ficklin26\/wp-json\/wp\/v2\/pages\/5"}],"wp:attachment":[{"href":"https:\/\/toursandwine.com\/ficklin26\/wp-json\/wp\/v2\/media?parent=1954"}],"curies":[{"name":"wp","href":"https:\/\/api.w.org\/{rel}","templated":true}]}}